{"id":1122,"date":"2023-11-29T12:54:20","date_gmt":"2023-11-29T12:54:20","guid":{"rendered":"https:\/\/warifa-communityhealthprofiles.eu\/?page_id=1122"},"modified":"2023-11-30T14:34:09","modified_gmt":"2023-11-30T14:34:09","slug":"myths-busting-2","status":"publish","type":"page","link":"https:\/\/warifa-communityhealthprofiles.eu\/ro\/myths-busting-2\/","title":{"rendered":"Myths busting"},"content":{"rendered":"\t\t<div data-elementor-type=\"wp-page\" data-elementor-id=\"1122\" class=\"elementor elementor-1122 elementor-1120\">\n\t\t\t\t<div class=\"elementor-element elementor-element-c39dd18 e-flex e-con-boxed e-con e-parent\" data-id=\"c39dd18\" data-element_type=\"container\">\n\t\t\t\t\t<div class=\"e-con-inner\">\n\t\t\t\t<div class=\"elementor-element elementor-element-b0da99c elementor-widget elementor-widget-text-editor\" data-id=\"b0da99c\" data-element_type=\"widget\" data-widget_type=\"text-editor.default\">\n\t\t\t\t<div class=\"elementor-widget-container\">\n\t\t\t\t\t\t\t<h2 style=\"text-align: center;\">Mituri de distrugere <img decoding=\"async\" class=\"wp-image-574 alignnone\" src=\"https:\/\/warifa-communityhealthprofiles.eu\/wp-content\/uploads\/2023\/10\/icono-eslabon-roto.png\" alt=\"\" width=\"70\" height=\"70\" srcset=\"https:\/\/warifa-communityhealthprofiles.eu\/wp-content\/uploads\/2023\/10\/icono-eslabon-roto.png 169w, https:\/\/warifa-communityhealthprofiles.eu\/wp-content\/uploads\/2023\/10\/icono-eslabon-roto-150x150.png 150w\" sizes=\"(max-width: 70px) 100vw, 70px\" \/><\/h2>\t\t\t\t\t\t<\/div>\n\t\t\t\t<\/div>\n\t\t\t\t\t<\/div>\n\t\t\t\t<\/div>\n\t\t<div class=\"elementor-element elementor-element-ee1c385 e-flex e-con-boxed e-con e-parent\" data-id=\"ee1c385\" data-element_type=\"container\">\n\t\t\t\t\t<div class=\"e-con-inner\">\n\t\t\t\t<div class=\"elementor-element elementor-element-3c87038 elementor-widget elementor-widget-text-editor\" data-id=\"3c87038\" data-element_type=\"widget\" data-widget_type=\"text-editor.default\">\n\t\t\t\t<div class=\"elementor-widget-container\">\n\t\t\t\t\t\t\t<p><img fetchpriority=\"high\" decoding=\"async\" class=\" wp-image-572 alignleft\" src=\"https:\/\/warifa-communityhealthprofiles.eu\/wp-content\/uploads\/2023\/10\/icono-cielo-humo.jpg\" alt=\"\" width=\"351\" height=\"207\" srcset=\"https:\/\/warifa-communityhealthprofiles.eu\/wp-content\/uploads\/2023\/10\/icono-cielo-humo.jpg 784w, https:\/\/warifa-communityhealthprofiles.eu\/wp-content\/uploads\/2023\/10\/icono-cielo-humo-300x177.jpg 300w, https:\/\/warifa-communityhealthprofiles.eu\/wp-content\/uploads\/2023\/10\/icono-cielo-humo-768x453.jpg 768w\" sizes=\"(max-width: 351px) 100vw, 351px\" \/><\/p><p>Convingerea c\u0103 calitatea aerului este o problem\u0103 doar atunci c\u00e2nd putem vedea poluarea este o gre\u0219eal\u0103 comun\u0103. <strong>Mul\u021bi poluan\u021bi din aer sunt invizibili, dar acest lucru nu \u00eei face mai pu\u021bin d\u0103un\u0103tori<\/strong>. Particulele fine, gazele toxice \u0219i substan\u021bele chimice nocive pot fi prezente \u00een aer f\u0103r\u0103 a fi vizibile cu ochiul liber, ceea ce \u00eenseamn\u0103 c\u0103 calitatea aerului nu este \u00eentotdeauna legat\u0103 de ceea ce v\u0103d ochii no\u0219tri.<\/p><p>Aceast\u0103 idee reprezint\u0103 doar una dintre multele concepte eronate care \u00eenc\u0103 se mai cred despre calitatea aerului, demonstr\u00e2nd astfel urgen\u021ba unei \u00een\u021belegeri mai precise a acestui subiect esen\u021bial.<\/p><p>\u00cen plus, un alt mit comun este acela c\u0103 utilizarea unei m\u0103\u0219ti este o solu\u021bie pentru a ne proteja de poluarea aerului. Chiar dac\u0103 m\u0103\u0219tile pot fi utile, mai ales \u00een zonele foarte poluate, ele nu ne protejeaz\u0103 de orice. Este esen\u021bial s\u0103 \u00een\u021belegem c\u0103 expunerea continu\u0103 la aer de calitate sc\u0103zut\u0103 poate avea efecte nocive asupra s\u0103n\u0103t\u0103\u021bii noastre, chiar dac\u0103 folosim sau nu o masc\u0103. Din acest motiv, este important s\u0103 evit\u0103m expunerea, atunci c\u00e2nd este posibil, mai ales \u00een zilele \u00een care condi\u021biile aerului sunt nes\u0103n\u0103toase \u0219i s\u0103 c\u0103ut\u0103m spa\u021bii interioare adecvate.<\/p><p>\u00cen mod similar, exist\u0103 o convingere gre\u0219it\u0103 care sugereaz\u0103 c\u0103 numai zonele urbane foarte populate se confrunt\u0103 cu probleme legate de calitatea aerului. Cu toate acestea, calitatea proast\u0103 a aerului nu se limiteaz\u0103 doar la ora\u0219ele mari. Este o problem\u0103 care se poate manifesta at\u00e2t \u00een zonele urbane, c\u00e2t \u0219i \u00een cele rurale, din cauza diferitelor surse de poluare, deoarece doar localizarea geografic\u0103 nu poate garanta un aer curat.<\/p><p>Un alt concept deosebit de periculos este ideea c\u0103 copiii \u0219i tinerii nu sunt expu\u0219i riscului de a avea o calitate proast\u0103 a aerului, ceea ce este departe de adev\u0103r. <strong>Orice persoan\u0103, \u00een ciuda v\u00e2rstei, poate fi afectat\u0103 de poluarea aerului. Copiii \u0219i tinerii, cu sisteme imunologice care sunt \u00eenc\u0103 \u00een curs de dezvoltare, sunt uneori mai vulnerabili la efectele polu\u0103rii atmosferice<\/strong>. Aceast\u0103 idee eviden\u021biaz\u0103 importan\u021ba protej\u0103rii genera\u021biilor viitoare \u0219i a garant\u0103rii unui aer curat.<\/p><p>Este esen\u021bial s\u0103 recunoa\u0219tem c\u0103 aceste concepte eronate despre calitatea aerului sunt adesea interconectate, ceea ce subliniaz\u0103 \u0219i mai mult urgen\u021ba unei \u00een\u021belegeri mai precise a acestui subiect. Calitatea aerului are un rol esen\u021bial \u00een s\u0103n\u0103tatea \u0219i bun\u0103starea noastr\u0103 \u0219i toat\u0103 lumea ar trebui s\u0103 fie con\u0219tient\u0103 de modul \u00een care ac\u021biunile \u0219i alegerile noastre o pot influen\u021ba. Supravegherea calit\u0103\u021bii aerului, luarea de m\u0103suri preventive \u0219i promovarea unui mediu mai curat sunt c\u00e2\u021biva pa\u0219i esen\u021biali pentru a avea un mediu mai s\u0103n\u0103tos.<\/p>\t\t\t\t\t\t<\/div>\n\t\t\t\t<\/div>\n\t\t\t\t<div class=\"elementor-element elementor-element-dd5f306 elementor-align-center elementor-widget elementor-widget-button\" data-id=\"dd5f306\" data-element_type=\"widget\" data-widget_type=\"button.default\">\n\t\t\t\t<div class=\"elementor-widget-container\">\n\t\t\t\t\t\t\t<div class=\"elementor-button-wrapper\">\n\t\t\t\t\t<a class=\"elementor-button elementor-button-link elementor-size-sm\" href=\"https:\/\/warifa-communityhealthprofiles.eu\/ro\/romania-brasov\/\">\n\t\t\t\t\t\t<span class=\"elementor-button-content-wrapper\">\n\t\t\t\t\t\t<span class=\"elementor-button-icon\">\n\t\t\t\t<i aria-hidden=\"true\" class=\"fas fa-arrow-alt-circle-left\"><\/i>\t\t\t<\/span>\n\t\t\t\t\t\t\t\t\t<span class=\"elementor-button-text\">Return<\/span>\n\t\t\t\t\t<\/span>\n\t\t\t\t\t<\/a>\n\t\t\t\t<\/div>\n\t\t\t\t\t\t<\/div>\n\t\t\t\t<\/div>\n\t\t\t\t\t<\/div>\n\t\t\t\t<\/div>\n\t\t\t\t<\/div>\n\t\t","protected":false},"excerpt":{"rendered":"<p>Mituri de distrugere Convingerea c\u0103 calitatea aerului este o problem\u0103 doar atunci c\u00e2nd putem vedea poluarea este o gre\u0219eal\u0103 comun\u0103. Mul\u021bi poluan\u021bi din aer sunt invizibili, dar acest lucru nu \u00eei face mai pu\u021bin d\u0103un\u0103tori. Particulele fine, gazele toxice \u0219i substan\u021bele chimice nocive pot fi prezente \u00een aer f\u0103r\u0103 a fi vizibile cu ochiul liber, &hellip;<\/p>\n<p class=\"read-more\"> <a class=\"\" href=\"https:\/\/warifa-communityhealthprofiles.eu\/ro\/myths-busting-2\/\"> <span class=\"screen-reader-text\">Myths busting<\/span> Read More &raquo;<\/a><\/p>\n","protected":false},"author":1,"featured_media":0,"parent":0,"menu_order":0,"comment_status":"closed","ping_status":"closed","template":"","meta":{"site-sidebar-layout":"no-sidebar","site-content-layout":"page-builder","ast-global-header-display":"","ast-banner-title-visibility":"","ast-main-header-display":"","ast-hfb-above-header-display":"","ast-hfb-below-header-display":"","ast-hfb-mobile-header-display":"","site-post-title":"disabled","ast-breadcrumbs-content":"","ast-featured-img":"disabled","footer-sml-layout":"","theme-transparent-header-meta":"","adv-header-id-meta":"","stick-header-meta":"","header-above-stick-meta":"","header-main-stick-meta":"","header-below-stick-meta":"","footnotes":""},"class_list":["post-1122","page","type-page","status-publish","hentry"],"_links":{"self":[{"href":"https:\/\/warifa-communityhealthprofiles.eu\/ro\/wp-json\/wp\/v2\/pages\/1122","targetHints":{"allow":["GET"]}}],"collection":[{"href":"https:\/\/warifa-communityhealthprofiles.eu\/ro\/wp-json\/wp\/v2\/pages"}],"about":[{"href":"https:\/\/warifa-communityhealthprofiles.eu\/ro\/wp-json\/wp\/v2\/types\/page"}],"author":[{"embeddable":true,"href":"https:\/\/warifa-communityhealthprofiles.eu\/ro\/wp-json\/wp\/v2\/users\/1"}],"replies":[{"embeddable":true,"href":"https:\/\/warifa-communityhealthprofiles.eu\/ro\/wp-json\/wp\/v2\/comments?post=1122"}],"version-history":[{"count":4,"href":"https:\/\/warifa-communityhealthprofiles.eu\/ro\/wp-json\/wp\/v2\/pages\/1122\/revisions"}],"predecessor-version":[{"id":1255,"href":"https:\/\/warifa-communityhealthprofiles.eu\/ro\/wp-json\/wp\/v2\/pages\/1122\/revisions\/1255"}],"wp:attachment":[{"href":"https:\/\/warifa-communityhealthprofiles.eu\/ro\/wp-json\/wp\/v2\/media?parent=1122"}],"curies":[{"name":"wp","href":"https:\/\/api.w.org\/{rel}","templated":true}]}}