{"id":1670,"date":"2023-12-11T15:34:35","date_gmt":"2023-12-11T15:34:35","guid":{"rendered":"https:\/\/warifa-communityhealthprofiles.eu\/recommendations-air-quality-tromso\/"},"modified":"2024-05-24T11:08:07","modified_gmt":"2024-05-24T10:08:07","slug":"recommendations-air-quality-tromso","status":"publish","type":"page","link":"https:\/\/warifa-communityhealthprofiles.eu\/no\/recommendations-air-quality-tromso\/","title":{"rendered":"Recommendations \u2013 Air quality \u2013 Troms\u00f8"},"content":{"rendered":"\t\t<div data-elementor-type=\"wp-page\" data-elementor-id=\"1670\" class=\"elementor elementor-1670 elementor-1542\">\n\t\t\t\t<div class=\"elementor-element elementor-element-3b3f3200 e-flex e-con-boxed e-con e-parent\" data-id=\"3b3f3200\" data-element_type=\"container\">\n\t\t\t\t\t<div class=\"e-con-inner\">\n\t\t\t\t<div class=\"elementor-element elementor-element-6bd8c6b7 elementor-widget elementor-widget-text-editor\" data-id=\"6bd8c6b7\" data-element_type=\"widget\" data-widget_type=\"text-editor.default\">\n\t\t\t\t<div class=\"elementor-widget-container\">\n\t\t\t\t\t\t\t<h2 class=\"elementor-heading-title elementor-size-default elementor-inline-editing pen\" style=\"text-align: center;\" contenteditable=\"true\" data-elementor-setting-key=\"title\" data-pen-placeholder=\"Type Here...\"><strong>Anbefalinger<\/strong>\u00a0<img decoding=\"async\" class=\"alignnone wp-image-573\" src=\"https:\/\/warifa-communityhealthprofiles.eu\/wp-content\/uploads\/2023\/10\/icono-mano-estrella.png\" alt=\"\" width=\"70\" height=\"70\" srcset=\"https:\/\/warifa-communityhealthprofiles.eu\/wp-content\/uploads\/2023\/10\/icono-mano-estrella.png 253w, https:\/\/warifa-communityhealthprofiles.eu\/wp-content\/uploads\/2023\/10\/icono-mano-estrella-150x150.png 150w\" sizes=\"(max-width: 70px) 100vw, 70px\" \/><\/h2>\t\t\t\t\t\t<\/div>\n\t\t\t\t<\/div>\n\t\t\t\t\t<\/div>\n\t\t\t\t<\/div>\n\t\t<div class=\"elementor-element elementor-element-ee1c385 e-con-full e-flex e-con e-parent\" data-id=\"ee1c385\" data-element_type=\"container\">\n\t\t\t\t<div class=\"elementor-element elementor-element-ce16a2a elementor-widget elementor-widget-text-editor\" data-id=\"ce16a2a\" data-element_type=\"widget\" data-widget_type=\"text-editor.default\">\n\t\t\t\t<div class=\"elementor-widget-container\">\n\t\t\t\t\t\t\t<p>Helser\u00e5dene er relatert til svevest\u00f8v (PM<sub>2,5<\/sub> og PM<sub>10<\/sub>), nitrogendioksid (NO<sub>2<\/sub>), bakken\u00e6r ozon (O<sub>3<\/sub>) og svoveldioksid (SO<sub>2<\/sub>).<\/p>\t\t\t\t\t\t<\/div>\n\t\t\t\t<\/div>\n\t\t\t\t<div class=\"elementor-element elementor-element-3c7d80a elementor-widget elementor-widget-html\" data-id=\"3c7d80a\" data-element_type=\"widget\" data-widget_type=\"html.default\">\n\t\t\t\t<div class=\"elementor-widget-container\">\n\t\t\t<style>\ncaption {\n  caption-side: bottom;\n  padding: 10px;\n  font-weight: bold;\n}\n<\/style>\n<table style=\"text-align:center;\">\n    <caption>* Dette r\u00e5det gjelder s\u00e6rlig for svevest\u00f8v (PM2,5).<\/caption>\n    <thead>\n        <tr>\n            <th>NIV\u00c5<\/th>\n            <th>Helseeffekter<\/th>\n            <th>Generell befolkning<\/th>\n            <th>Astma og andre luftvegssykdommer<\/th>\n            <th>Hjerte- og karsykdommer og diabetikere<\/th>\n            <th>Eldre<\/th>\n            <th>Gravide og barn<\/th>\n        <\/tr>\n    <\/thead>\n    <tbody>\n        <tr>\n            <td style=\"background-color:#92D050\">Lite<\/td>\n            <td>Liten eller ingen risiko for helseeffekter.<\/td>\n            <td>Utend\u00f8rs aktivitet anbefales<\/td>\n            <td>Utend\u00f8rs aktivitet anbefales<\/td>\n            <td>Utend\u00f8rs aktivitet anbefales<\/td>\n            <td>Utend\u00f8rs aktivitet anbefales<\/td>\n            <td>Utend\u00f8rs aktivitet anbefales<\/td>\n        <\/tr>\n        <tr>\n            <td style=\"background-color:#FFFF00\">Moderat<\/td>\n            <td>Moderat helserisiko - Helseeffekter kan forekomme hos enkelte astmatikere og personer med andre luftveissykdommer eller alvorlige hjertekarsykdommer. Friske personer vil sannsynligvis ikke ha helseeffekter.<\/td>\n            <td>Utend\u00f8rs aktivitet anbefales<\/td>\n            <td>Utend\u00f8rs aktivitet anbefales for de fleste. De som opplever forverring av luftveis-symptomer b\u00f8r vurdere \u00e5 redusere h\u00f8y fysisk aktivitet i de mest forurensede uteomr\u00e5dene.<\/td>\n            <td>Utend\u00f8rs aktivitet anbefales for de fleste. De som opplever forverring av symptomer b\u00f8r vurdere \u00e5 redusere h\u00f8y fysisk aktivitet i de mest forurensede uteomr\u00e5dene.<\/td>\n            <td>Utend\u00f8rs aktivitet anbefales for de fleste. De som opplever forverring av symptomer i luftveiene eller hjerte- og karsystemet b\u00f8r vurdere \u00e5 redusere h\u00f8y fysisk aktivitet i de mest forurensede uteomr\u00e5dene.<\/td>\n            <td>Utend\u00f8rs aktivitet anbefales<\/td>\n        <\/tr>\n        <tr>\n            <td style=\"background-color:#FF0000\">H\u00f8yt<\/td>\n            <td>Betydelig helserisiko - Helseeffekter forekommer hos astmatikere og personer med andre luftveissykdommer eller hjertekarsykdommer. Luftveisirritasjoner og ubehag kan forekomme hos friske personer.<\/td>\n            <td>Utend\u00f8rs aktivitet anbefales vanligvis. Personer med symptomer som hoste eller s\u00e5r hals b\u00f8r vurdere \u00e5 redusere h\u00f8y fysisk aktivitet i de mest forurensede uteomr\u00e5dene.<\/td>\n            <td>Personer med alvorlig luftveissykdom eller som opplever forverring av sin astma b\u00f8r redusere h\u00f8y fysisk aktivitet og begrense oppholdstiden i de mest forurensede uteomr\u00e5dene.<\/td>\n            <td>Personer med alvorlig hjerte- og karsykdom b\u00f8r redusere h\u00f8y fysisk aktivitet og begrense oppholdstiden i de mest forurensede uteomr\u00e5dene.<\/td>\n            <td>Utend\u00f8rs aktivitet anbefales for friske eldre. Personer med luftveis- eller hjerte- og karsykdom b\u00f8r redusere h\u00f8y fysisk aktivitet og begrense oppholdstiden i de mest forurensede uteomr\u00e5dene.<\/td>\n            <td>Utend\u00f8rs aktivitet anbefales for de fleste. Gravide og barn med luftveis-symptomer b\u00f8r begrense oppholdstiden i de mest forurensede uteomr\u00e5dene.<\/td>\n        <\/tr>\n        <tr>\n            <td style=\"background-color:#7030A0\">Sv\u00e6rt h\u00f8yt<\/td>\n            <td>Alvorlig helserisiko - S\u00e5rbare grupper i befolkningen er sv\u00e6rt utsatte for helseeffekter. Luftveisirritasjoner og ubehag forekommer hos friske personer.<\/td>\n            <td>Reduser utend\u00f8rs fysisk aktivitet og begrens oppholdstiden i de mest forurensede uteomr\u00e5dene, spesielt hvis du har symptomer som hoste ellers s\u00e5r hals.<\/td>\n            <td>Personer med astma og andre luftveissykdommer b\u00f8r ikke oppholde seg i de mest forurensede uteomr\u00e5dene.<\/td>\n            <td>Personer med hjerte- og karsykdom b\u00f8r ikke oppholde seg i de mest forurensede uteomr\u00e5dene.<\/td>\n            <td>Reduser fysisk aktivitet og begrens oppholdstiden i de mest forurensede uteomr\u00e5dene.<\/td>\n            <td>Reduser fysisk aktivitet og begrens oppholdstiden i de mest forurensede uteomr\u00e5dene.<\/td>\n        <\/tr>\n    <\/tbody>\n<\/table>\t\t<\/div>\n\t\t\t\t<\/div>\n\t\t\t\t<div class=\"elementor-element elementor-element-dd5f306 elementor-align-center elementor-widget elementor-widget-button\" data-id=\"dd5f306\" data-element_type=\"widget\" data-widget_type=\"button.default\">\n\t\t\t\t<div class=\"elementor-widget-container\">\n\t\t\t\t\t\t\t<div class=\"elementor-button-wrapper\">\n\t\t\t\t\t<a class=\"elementor-button elementor-button-link elementor-size-sm\" href=\"https:\/\/warifa-communityhealthprofiles.eu\/no\/tromso\/\">\n\t\t\t\t\t\t<span class=\"elementor-button-content-wrapper\">\n\t\t\t\t\t\t<span class=\"elementor-button-icon\">\n\t\t\t\t<i aria-hidden=\"true\" class=\"fas fa-arrow-alt-circle-left\"><\/i>\t\t\t<\/span>\n\t\t\t\t\t\t\t\t\t<span class=\"elementor-button-text\">Return<\/span>\n\t\t\t\t\t<\/span>\n\t\t\t\t\t<\/a>\n\t\t\t\t<\/div>\n\t\t\t\t\t\t<\/div>\n\t\t\t\t<\/div>\n\t\t\t\t<\/div>\n\t\t\t\t<\/div>\n\t\t","protected":false},"excerpt":{"rendered":"<p>Anbefalinger\u00a0 Helser\u00e5dene er relatert til svevest\u00f8v (PM2,5 og PM10), nitrogendioksid (NO2), bakken\u00e6r ozon (O3) og svoveldioksid (SO2). * Dette r\u00e5det gjelder s\u00e6rlig for svevest\u00f8v (PM2,5). NIV\u00c5 Helseeffekter Generell befolkning Astma og andre luftvegssykdommer Hjerte- og karsykdommer og diabetikere Eldre Gravide og barn Lite Liten eller ingen risiko for helseeffekter. Utend\u00f8rs aktivitet anbefales Utend\u00f8rs aktivitet anbefales &hellip;<\/p>\n<p class=\"read-more\"> <a class=\"\" href=\"https:\/\/warifa-communityhealthprofiles.eu\/no\/recommendations-air-quality-tromso\/\"> <span class=\"screen-reader-text\">Recommendations \u2013 Air quality \u2013 Troms\u00f8<\/span> Les mer &raquo;<\/a><\/p>\n","protected":false},"author":1,"featured_media":0,"parent":0,"menu_order":0,"comment_status":"closed","ping_status":"closed","template":"","meta":{"site-sidebar-layout":"no-sidebar","site-content-layout":"page-builder","ast-global-header-display":"","ast-banner-title-visibility":"","ast-main-header-display":"","ast-hfb-above-header-display":"","ast-hfb-below-header-display":"","ast-hfb-mobile-header-display":"","site-post-title":"disabled","ast-breadcrumbs-content":"","ast-featured-img":"disabled","footer-sml-layout":"","theme-transparent-header-meta":"","adv-header-id-meta":"","stick-header-meta":"","header-above-stick-meta":"","header-main-stick-meta":"","header-below-stick-meta":"","footnotes":""},"class_list":["post-1670","page","type-page","status-publish","hentry"],"_links":{"self":[{"href":"https:\/\/warifa-communityhealthprofiles.eu\/no\/wp-json\/wp\/v2\/pages\/1670","targetHints":{"allow":["GET"]}}],"collection":[{"href":"https:\/\/warifa-communityhealthprofiles.eu\/no\/wp-json\/wp\/v2\/pages"}],"about":[{"href":"https:\/\/warifa-communityhealthprofiles.eu\/no\/wp-json\/wp\/v2\/types\/page"}],"author":[{"embeddable":true,"href":"https:\/\/warifa-communityhealthprofiles.eu\/no\/wp-json\/wp\/v2\/users\/1"}],"replies":[{"embeddable":true,"href":"https:\/\/warifa-communityhealthprofiles.eu\/no\/wp-json\/wp\/v2\/comments?post=1670"}],"version-history":[{"count":12,"href":"https:\/\/warifa-communityhealthprofiles.eu\/no\/wp-json\/wp\/v2\/pages\/1670\/revisions"}],"predecessor-version":[{"id":2201,"href":"https:\/\/warifa-communityhealthprofiles.eu\/no\/wp-json\/wp\/v2\/pages\/1670\/revisions\/2201"}],"wp:attachment":[{"href":"https:\/\/warifa-communityhealthprofiles.eu\/no\/wp-json\/wp\/v2\/media?parent=1670"}],"curies":[{"name":"wp","href":"https:\/\/api.w.org\/{rel}","templated":true}]}}