{"id":1669,"date":"2023-12-11T15:34:31","date_gmt":"2023-12-11T15:34:31","guid":{"rendered":"https:\/\/warifa-communityhealthprofiles.eu\/myths-busting-air-quality-tromso\/"},"modified":"2024-05-20T13:37:43","modified_gmt":"2024-05-20T12:37:43","slug":"myths-busting-air-quality-tromso","status":"publish","type":"page","link":"https:\/\/warifa-communityhealthprofiles.eu\/no\/myths-busting-air-quality-tromso\/","title":{"rendered":"Myths busting \u2013 Air quality \u2013 Troms\u00f8"},"content":{"rendered":"\t\t<div data-elementor-type=\"wp-page\" data-elementor-id=\"1669\" class=\"elementor elementor-1669 elementor-1545\">\n\t\t\t\t<div class=\"elementor-element elementor-element-c39dd18 e-flex e-con-boxed e-con e-parent\" data-id=\"c39dd18\" data-element_type=\"container\">\n\t\t\t\t\t<div class=\"e-con-inner\">\n\t\t\t\t<div class=\"elementor-element elementor-element-b0da99c elementor-widget elementor-widget-text-editor\" data-id=\"b0da99c\" data-element_type=\"widget\" data-widget_type=\"text-editor.default\">\n\t\t\t\t<div class=\"elementor-widget-container\">\n\t\t\t\t\t\t\t<h2 style=\"text-align: center;\"><strong><u>Avliving av myter<\/u><\/strong>\u00a0<img decoding=\"async\" class=\"wp-image-574 alignnone\" src=\"https:\/\/warifa-communityhealthprofiles.eu\/wp-content\/uploads\/2023\/10\/icono-eslabon-roto.png\" alt=\"\" width=\"70\" height=\"70\" srcset=\"https:\/\/warifa-communityhealthprofiles.eu\/wp-content\/uploads\/2023\/10\/icono-eslabon-roto.png 169w, https:\/\/warifa-communityhealthprofiles.eu\/wp-content\/uploads\/2023\/10\/icono-eslabon-roto-150x150.png 150w\" sizes=\"(max-width: 70px) 100vw, 70px\" \/><\/h2>\t\t\t\t\t\t<\/div>\n\t\t\t\t<\/div>\n\t\t\t\t\t<\/div>\n\t\t\t\t<\/div>\n\t\t<div class=\"elementor-element elementor-element-ee1c385 e-flex e-con-boxed e-con e-parent\" data-id=\"ee1c385\" data-element_type=\"container\">\n\t\t\t\t\t<div class=\"e-con-inner\">\n\t\t\t\t<div class=\"elementor-element elementor-element-1c86f48 elementor-widget elementor-widget-text-editor\" data-id=\"1c86f48\" data-element_type=\"widget\" data-widget_type=\"text-editor.default\">\n\t\t\t\t<div class=\"elementor-widget-container\">\n\t\t\t\t\t\t\t<p><img fetchpriority=\"high\" decoding=\"async\" class=\"wp-image-572 alignright\" src=\"https:\/\/warifa-communityhealthprofiles.eu\/wp-content\/uploads\/2023\/10\/icono-cielo-humo.jpg\" alt=\"\" width=\"351\" height=\"207\" srcset=\"https:\/\/warifa-communityhealthprofiles.eu\/wp-content\/uploads\/2023\/10\/icono-cielo-humo.jpg 784w, https:\/\/warifa-communityhealthprofiles.eu\/wp-content\/uploads\/2023\/10\/icono-cielo-humo-300x177.jpg 300w, https:\/\/warifa-communityhealthprofiles.eu\/wp-content\/uploads\/2023\/10\/icono-cielo-humo-768x453.jpg 768w\" sizes=\"(max-width: 351px) 100vw, 351px\" \/>Det er en vanlig feil \u00e5 tro at luftkvaliteten bare er et problem n\u00e5r vi kan se forurensningen. <strong>Mange forurensende stoffer i luften er usynlige, men det gj\u00f8r dem ikke mindre skadelige<\/strong>. Fine partikler, giftige gasser og skadelige kjemikalier kan v\u00e6re til stede i luften uten \u00e5 v\u00e6re synlige for \u00f8yet, noe som betyr at luftkvaliteten ikke alltid er knyttet til det \u00f8ynene v\u00e5re kan se.<\/p><p>Dette er bare \u00e9n av mange feilaktige oppfatninger om luftkvalitet, noe som viser at det haster med \u00e5 f\u00e5 en mer presis forst\u00e5else av dette viktige temaet.<\/p><p>En annen myte er at bruk av maske er en l\u00f8sning for \u00e5 beskytte oss mot luftforurensning. Selv om masker kan v\u00e6re nyttige, spesielt i sv\u00e6rt forurensede omr\u00e5der, beskytter de oss ikke mot alt. Det er viktig \u00e5 forst\u00e5 at kontinuerlig eksponering for luft av lav kvalitet kan ha skadelige effekter p\u00e5 helsen v\u00e5r, selv om vi bruker maske. Derfor er det viktig \u00e5 unng\u00e5 eksponering n\u00e5r det er mulig. Spesielt p\u00e5 dager med d\u00e5rlig luftkvalitet kan det v\u00e6re gunstig \u00e5 v\u00e6re inne for utsatte grupper.<\/p><p>D\u00e5rlig luftkvalitet er ikke begrenset til storbyer, men kan oppst\u00e5 b\u00e5de i byomr\u00e5der og p\u00e5 landsbygda p\u00e5 grunn av ulike forurensningskilder.<\/p><p>\u00a0<strong>Alle mennesker kan p\u00e5virkes av luftforurensning, uansett alder. Barn og unge som vokser og er under utvikling, kan noen ganger v\u00e6re mer s\u00e5rbare for virkningene av luftforurensning. D<\/strong>et er viktig \u00e5 beskytte fremtidige generasjoner og sikre ren luft.<\/p><p>Luftkvaliteten er viktig for b\u00e5de helsa og trivselen. Alle b\u00f8r v\u00e6re bevisste p\u00e5 hvordan v\u00e5re handlinger og valg kan p\u00e5virke den. \u00c5 overv\u00e5ke luftkvaliteten, iverksette forebyggende tiltak og arbeide for et renere milj\u00f8 er noen viktige tiltak for \u00e5 f\u00e5 et sunnere milj\u00f8.<\/p>\t\t\t\t\t\t<\/div>\n\t\t\t\t<\/div>\n\t\t\t\t<div class=\"elementor-element elementor-element-dd5f306 elementor-align-center elementor-widget elementor-widget-button\" data-id=\"dd5f306\" data-element_type=\"widget\" data-widget_type=\"button.default\">\n\t\t\t\t<div class=\"elementor-widget-container\">\n\t\t\t\t\t\t\t<div class=\"elementor-button-wrapper\">\n\t\t\t\t\t<a class=\"elementor-button elementor-button-link elementor-size-sm\" href=\"https:\/\/warifa-communityhealthprofiles.eu\/no\/tromso\/\">\n\t\t\t\t\t\t<span class=\"elementor-button-content-wrapper\">\n\t\t\t\t\t\t<span class=\"elementor-button-icon\">\n\t\t\t\t<i aria-hidden=\"true\" class=\"fas fa-arrow-alt-circle-left\"><\/i>\t\t\t<\/span>\n\t\t\t\t\t\t\t\t\t<span class=\"elementor-button-text\">Return<\/span>\n\t\t\t\t\t<\/span>\n\t\t\t\t\t<\/a>\n\t\t\t\t<\/div>\n\t\t\t\t\t\t<\/div>\n\t\t\t\t<\/div>\n\t\t\t\t\t<\/div>\n\t\t\t\t<\/div>\n\t\t\t\t<\/div>\n\t\t","protected":false},"excerpt":{"rendered":"<p>Avliving av myter\u00a0 Det er en vanlig feil \u00e5 tro at luftkvaliteten bare er et problem n\u00e5r vi kan se forurensningen. Mange forurensende stoffer i luften er usynlige, men det gj\u00f8r dem ikke mindre skadelige. Fine partikler, giftige gasser og skadelige kjemikalier kan v\u00e6re til stede i luften uten \u00e5 v\u00e6re synlige for \u00f8yet, noe &hellip;<\/p>\n<p class=\"read-more\"> <a class=\"\" href=\"https:\/\/warifa-communityhealthprofiles.eu\/no\/myths-busting-air-quality-tromso\/\"> <span class=\"screen-reader-text\">Myths busting \u2013 Air quality \u2013 Troms\u00f8<\/span> Les mer &raquo;<\/a><\/p>\n","protected":false},"author":1,"featured_media":0,"parent":0,"menu_order":0,"comment_status":"closed","ping_status":"closed","template":"","meta":{"site-sidebar-layout":"no-sidebar","site-content-layout":"page-builder","ast-global-header-display":"","ast-banner-title-visibility":"","ast-main-header-display":"","ast-hfb-above-header-display":"","ast-hfb-below-header-display":"","ast-hfb-mobile-header-display":"","site-post-title":"disabled","ast-breadcrumbs-content":"","ast-featured-img":"disabled","footer-sml-layout":"","theme-transparent-header-meta":"","adv-header-id-meta":"","stick-header-meta":"","header-above-stick-meta":"","header-main-stick-meta":"","header-below-stick-meta":"","footnotes":""},"class_list":["post-1669","page","type-page","status-publish","hentry"],"_links":{"self":[{"href":"https:\/\/warifa-communityhealthprofiles.eu\/no\/wp-json\/wp\/v2\/pages\/1669","targetHints":{"allow":["GET"]}}],"collection":[{"href":"https:\/\/warifa-communityhealthprofiles.eu\/no\/wp-json\/wp\/v2\/pages"}],"about":[{"href":"https:\/\/warifa-communityhealthprofiles.eu\/no\/wp-json\/wp\/v2\/types\/page"}],"author":[{"embeddable":true,"href":"https:\/\/warifa-communityhealthprofiles.eu\/no\/wp-json\/wp\/v2\/users\/1"}],"replies":[{"embeddable":true,"href":"https:\/\/warifa-communityhealthprofiles.eu\/no\/wp-json\/wp\/v2\/comments?post=1669"}],"version-history":[{"count":6,"href":"https:\/\/warifa-communityhealthprofiles.eu\/no\/wp-json\/wp\/v2\/pages\/1669\/revisions"}],"predecessor-version":[{"id":2191,"href":"https:\/\/warifa-communityhealthprofiles.eu\/no\/wp-json\/wp\/v2\/pages\/1669\/revisions\/2191"}],"wp:attachment":[{"href":"https:\/\/warifa-communityhealthprofiles.eu\/no\/wp-json\/wp\/v2\/media?parent=1669"}],"curies":[{"name":"wp","href":"https:\/\/api.w.org\/{rel}","templated":true}]}}