{"id":1861,"date":"2023-12-13T11:35:19","date_gmt":"2023-12-13T11:35:19","guid":{"rendered":"https:\/\/warifa-communityhealthprofiles.eu\/myths-busting-air-quality-las-palmas-de-gran-canaria\/"},"modified":"2023-12-14T11:56:18","modified_gmt":"2023-12-14T11:56:18","slug":"myths-busting-air-quality-las-palmas-de-gran-canaria","status":"publish","type":"page","link":"https:\/\/warifa-communityhealthprofiles.eu\/es\/myths-busting-air-quality-las-palmas-de-gran-canaria\/","title":{"rendered":"Desmontando mitos \u2013 Calidad del aire \u2013\u00a0Las Palmas de Gran Canaria"},"content":{"rendered":"\t\t<div data-elementor-type=\"wp-page\" data-elementor-id=\"1861\" class=\"elementor elementor-1861 elementor-1748\">\n\t\t\t\t<div class=\"elementor-element elementor-element-45cf650b e-flex e-con-boxed e-con e-parent\" data-id=\"45cf650b\" data-element_type=\"container\">\n\t\t\t\t\t<div class=\"e-con-inner\">\n\t\t\t\t<div class=\"elementor-element elementor-element-5bcc3f8a elementor-widget elementor-widget-text-editor\" data-id=\"5bcc3f8a\" data-element_type=\"widget\" data-widget_type=\"text-editor.default\">\n\t\t\t\t<div class=\"elementor-widget-container\">\n\t\t\t\t\t\t\t<h2 style=\"text-align: center;\">Desmontando mitos <img decoding=\"async\" class=\"wp-image-574 alignnone\" src=\"https:\/\/warifa-communityhealthprofiles.eu\/wp-content\/uploads\/2023\/10\/icono-eslabon-roto.png\" alt=\"\" width=\"70\" height=\"70\" srcset=\"https:\/\/warifa-communityhealthprofiles.eu\/wp-content\/uploads\/2023\/10\/icono-eslabon-roto.png 169w, https:\/\/warifa-communityhealthprofiles.eu\/wp-content\/uploads\/2023\/10\/icono-eslabon-roto-150x150.png 150w\" sizes=\"(max-width: 70px) 100vw, 70px\" \/><\/h2>\t\t\t\t\t\t<\/div>\n\t\t\t\t<\/div>\n\t\t\t\t\t<\/div>\n\t\t\t\t<\/div>\n\t\t<div class=\"elementor-element elementor-element-ee1c385 e-flex e-con-boxed e-con e-parent\" data-id=\"ee1c385\" data-element_type=\"container\">\n\t\t\t\t\t<div class=\"e-con-inner\">\n\t\t\t\t<div class=\"elementor-element elementor-element-ce16a2a elementor-widget elementor-widget-text-editor\" data-id=\"ce16a2a\" data-element_type=\"widget\" data-widget_type=\"text-editor.default\">\n\t\t\t\t<div class=\"elementor-widget-container\">\n\t\t\t\t\t\t\t<p><img fetchpriority=\"high\" decoding=\"async\" class=\" wp-image-572 alignleft\" src=\"https:\/\/warifa-communityhealthprofiles.eu\/wp-content\/uploads\/2023\/10\/icono-cielo-humo.jpg\" alt=\"\" width=\"351\" height=\"207\" srcset=\"https:\/\/warifa-communityhealthprofiles.eu\/wp-content\/uploads\/2023\/10\/icono-cielo-humo.jpg 784w, https:\/\/warifa-communityhealthprofiles.eu\/wp-content\/uploads\/2023\/10\/icono-cielo-humo-300x177.jpg 300w, https:\/\/warifa-communityhealthprofiles.eu\/wp-content\/uploads\/2023\/10\/icono-cielo-humo-768x453.jpg 768w\" sizes=\"(max-width: 351px) 100vw, 351px\" \/>La creencia de que la calidad del aire solo es un problema cuando podemos ver la contaminaci\u00f3n es un error com\u00fan. En realidad,\u00a0<strong>muchos contaminantes del aire son invisibles<\/strong>, pero eso no los hace menos da\u00f1inos. Part\u00edculas finas, gases t\u00f3xicos y compuestos qu\u00edmicos peligrosos pueden estar presentes en el aire sin ser perceptibles a simple vista, lo que significa que la calidad del aire no siempre se correlaciona con lo que nuestros ojos pueden captar.<\/p><p>Esta idea representa solo uno de los numerosos conceptos err\u00f3neos que prevalecen en cuanto a la calidad del aire, lo cual enfatiza la urgencia de una comprensi\u00f3n m\u00e1s precisa de esta tem\u00e1tica esencial.<\/p><p>Asimismo, otro de los mitos m\u00e1s comunes es que el uso de mascarillas es una soluci\u00f3n completa para protegerse de la contaminaci\u00f3n del aire. Aunque las mascarillas pueden ser \u00fatiles, especialmente en \u00e1reas con altos niveles de contaminaci\u00f3n, no ofrecen una protecci\u00f3n total. Es fundamental comprender que la exposici\u00f3n continua a un aire de mala calidad puede tener efectos perjudiciales en nuestra salud, independientemente de si usamos una mascarilla o no. Por lo tanto, es importante evitar la exposici\u00f3n siempre que sea posible, especialmente en d\u00edas con condiciones de aire insalubres, y buscar refugio en espacios interiores adecuados.<\/p><p>De manera similar, existe una idea err\u00f3nea que sugiere que solo las \u00e1reas urbanas densamente pobladas enfrentan problemas de la calidad del aire. Sin embargo,\u00a0<strong>la mala calidad del aire no se limita exclusivamente a las grandes ciudades<\/strong>. Este es un problema que puede manifestarse tanto en \u00e1reas urbanas como rurales debido a diversas fuentes de contaminaci\u00f3n, ya que la ubicaci\u00f3n geogr\u00e1fica no garantiza autom\u00e1ticamente un aire limpio.<\/p><p>Otro concepto particularmente peligroso es la idea de que los ni\u00f1os\/as y los j\u00f3venes no est\u00e1n en riesgo por la mala calidad del aire, lo cual est\u00e1 lejos de ser cierto. Todas las personas, sin importar su edad, pueden verse afectadas por la contaminaci\u00f3n del aire. De hecho, los ni\u00f1os\/as y los j\u00f3venes, cuyos sistemas inmunol\u00f3gicos est\u00e1n en desarrollo, a menudo son m\u00e1s vulnerables a los efectos adversos de la contaminaci\u00f3n atmosf\u00e9rica. Esta idea subraya la importancia de proteger a las generaciones futuras al garantizar un aire m\u00e1s limpio.<\/p><p>Es crucial reconocer que estos conceptos err\u00f3neos sobre la calidad del aire suelen interconectarse, lo que resalta a\u00fan m\u00e1s\u00a0<strong>la urgencia de una comprensi\u00f3n m\u00e1s precisa de este tema<\/strong>. La calidad del aire desempe\u00f1a un papel esencial en nuestra salud y bienestar, y todos debemos ser conscientes de c\u00f3mo sus acciones y elecciones pueden influir en ella. Supervisar la calidad del aire, tomar medidas preventivas y abogar por un ambiente m\u00e1s limpio son pasos esenciales hacia un entorno m\u00e1s saludable para todos.<\/p>\t\t\t\t\t\t<\/div>\n\t\t\t\t<\/div>\n\t\t\t\t<div class=\"elementor-element elementor-element-dd5f306 elementor-align-center elementor-widget elementor-widget-button\" data-id=\"dd5f306\" data-element_type=\"widget\" data-widget_type=\"button.default\">\n\t\t\t\t<div class=\"elementor-widget-container\">\n\t\t\t\t\t\t\t<div class=\"elementor-button-wrapper\">\n\t\t\t\t\t<a class=\"elementor-button elementor-button-link elementor-size-sm\" href=\"https:\/\/warifa-communityhealthprofiles.eu\/es\/las-palmas-de-gran-canaria\/\">\n\t\t\t\t\t\t<span class=\"elementor-button-content-wrapper\">\n\t\t\t\t\t\t<span class=\"elementor-button-icon\">\n\t\t\t\t<i aria-hidden=\"true\" class=\"fas fa-arrow-alt-circle-left\"><\/i>\t\t\t<\/span>\n\t\t\t\t\t\t\t\t\t<span class=\"elementor-button-text\">Return<\/span>\n\t\t\t\t\t<\/span>\n\t\t\t\t\t<\/a>\n\t\t\t\t<\/div>\n\t\t\t\t\t\t<\/div>\n\t\t\t\t<\/div>\n\t\t\t\t\t<\/div>\n\t\t\t\t<\/div>\n\t\t\t\t<\/div>\n\t\t","protected":false},"excerpt":{"rendered":"<p>Desmontando mitos La creencia de que la calidad del aire solo es un problema cuando podemos ver la contaminaci\u00f3n es un error com\u00fan. En realidad,\u00a0muchos contaminantes del aire son invisibles, pero eso no los hace menos da\u00f1inos. Part\u00edculas finas, gases t\u00f3xicos y compuestos qu\u00edmicos peligrosos pueden estar presentes en el aire sin ser perceptibles a &hellip;<\/p>\n<p class=\"read-more\"> <a class=\"\" href=\"https:\/\/warifa-communityhealthprofiles.eu\/es\/myths-busting-air-quality-las-palmas-de-gran-canaria\/\"> <span class=\"screen-reader-text\">Desmontando mitos \u2013 Calidad del aire \u2013\u00a0Las Palmas de Gran Canaria<\/span> Leer m\u00e1s &raquo;<\/a><\/p>\n","protected":false},"author":1,"featured_media":0,"parent":0,"menu_order":0,"comment_status":"closed","ping_status":"closed","template":"","meta":{"site-sidebar-layout":"no-sidebar","site-content-layout":"page-builder","ast-global-header-display":"","ast-banner-title-visibility":"","ast-main-header-display":"","ast-hfb-above-header-display":"","ast-hfb-below-header-display":"","ast-hfb-mobile-header-display":"","site-post-title":"disabled","ast-breadcrumbs-content":"","ast-featured-img":"disabled","footer-sml-layout":"","theme-transparent-header-meta":"","adv-header-id-meta":"","stick-header-meta":"","header-above-stick-meta":"","header-main-stick-meta":"","header-below-stick-meta":"","footnotes":""},"class_list":["post-1861","page","type-page","status-publish","hentry"],"_links":{"self":[{"href":"https:\/\/warifa-communityhealthprofiles.eu\/es\/wp-json\/wp\/v2\/pages\/1861","targetHints":{"allow":["GET"]}}],"collection":[{"href":"https:\/\/warifa-communityhealthprofiles.eu\/es\/wp-json\/wp\/v2\/pages"}],"about":[{"href":"https:\/\/warifa-communityhealthprofiles.eu\/es\/wp-json\/wp\/v2\/types\/page"}],"author":[{"embeddable":true,"href":"https:\/\/warifa-communityhealthprofiles.eu\/es\/wp-json\/wp\/v2\/users\/1"}],"replies":[{"embeddable":true,"href":"https:\/\/warifa-communityhealthprofiles.eu\/es\/wp-json\/wp\/v2\/comments?post=1861"}],"version-history":[{"count":4,"href":"https:\/\/warifa-communityhealthprofiles.eu\/es\/wp-json\/wp\/v2\/pages\/1861\/revisions"}],"predecessor-version":[{"id":1869,"href":"https:\/\/warifa-communityhealthprofiles.eu\/es\/wp-json\/wp\/v2\/pages\/1861\/revisions\/1869"}],"wp:attachment":[{"href":"https:\/\/warifa-communityhealthprofiles.eu\/es\/wp-json\/wp\/v2\/media?parent=1861"}],"curies":[{"name":"wp","href":"https:\/\/api.w.org\/{rel}","templated":true}]}}